{"id":39778,"date":"2021-04-01T09:47:49","date_gmt":"2021-04-01T07:47:49","guid":{"rendered":"https:\/\/vdr.daisybell.ch\/?page_id=39778"},"modified":"2021-04-14T13:40:18","modified_gmt":"2021-04-14T11:40:18","slug":"lamobiliere","status":"publish","type":"page","link":"https:\/\/www.visionsdureel.ch\/de\/lamobiliere\/","title":{"rendered":"La Mobili\u00e8re"},"content":{"rendered":"\n<p class=\"font-size-sm\">Chers invit\u00e9s,<br><br>Cette ann\u00e9e, la Mobili\u00e8re et Visions du R\u00e9el viennent chez vous\u00a0!\u00a0<br>Nous vous avons invit\u00e9 \u00e0 notre soir\u00e9e cin\u00e9ma du r\u00e9el sp\u00e9cialement concoct\u00e9e pour vous.\u00a0<br><br>Vous pourrez acc\u00e9der \u00e0 cette soir\u00e9e jusqu\u2019au samedi 15 mai 2021.<br>Le film\u00a0<em>Madame<\/em>\u00a0de St\u00e9phane Riethauser est accessible\u00a0<em><u>(<a href=\"https:\/\/vimeo.com\/530718434\" target=\"_blank\" rel=\"noreferrer noopener nofollow\">sur ce lien<\/a><\/u><\/em>) avec le code indiqu\u00e9 sur la carte.<br><br>Nous esp\u00e9rons que vous passerez un bon moment en notre compagnie.\u00a0<br><br>Avec nos meilleurs v\u0153ux de sant\u00e9 \u00e0 vous et \u00e0 vos proches.<\/p>\n\n\n\n<p class=\"font-size-sm\">Cordiales salutations<br><br><\/p>\n\n\n\n<p class=\"font-size-sm\">Votre Mobili\u00e8re<\/p>\n\n\n\n<div style=\"height:20px\" aria-hidden=\"true\" class=\"wp-block-spacer\"><\/div>\n\n\n\n<p>La Mobili\u00e8re et Visions du R\u00e9el s\u2019unissent pour vous faire d\u00e9couvrir le film&nbsp;&#8222;Madame&#8220; de St\u00e9phane Riethauser<strong>. <\/strong><\/p>\n\n\n\n<p class=\"font-size-sm\">Retrouvez le cin\u00e9aste suisse&nbsp;\u00e9changer quelques mots avec la&nbsp;Directrice&nbsp;artistique du Festival, Emilie Bujes, faisant le&nbsp;point deux ans apr\u00e8s la sortie du film \u00e0&nbsp;Visions du R\u00e9el.&nbsp;<\/p>\n\n\n\n<figure class=\"wp-block-embed is-type-video is-provider-youtube wp-block-embed-youtube wp-embed-aspect-16-9 wp-has-aspect-ratio\"><div class=\"wp-block-embed__wrapper\">\n<iframe loading=\"lazy\" title=\"VdR2021 | La Mobili\u00e8re\" width=\"580\" height=\"326\" src=\"https:\/\/www.youtube.com\/embed\/-sIM6GdQbtE?feature=oembed&#038;modestbranding=1&#038;showinfo=0&#038;rel=0\" frameborder=\"0\" allow=\"accelerometer; autoplay; clipboard-write; encrypted-media; gyroscope; picture-in-picture; web-share\" referrerpolicy=\"strict-origin-when-cross-origin\" allowfullscreen><\/iframe>\n<\/div><\/figure>\n\n\n\n<p>&nbsp;<\/p>\n\n\n\n<h2 class=\"wp-block-heading\" id=\"h-madame-de-st-phane-riethauser\">Madame de St\u00e9phane Riethauser<\/h2>\n\n\n\n<figure class=\"wp-block-image size-large\"><a href=\"https:\/\/www.visionsdureel.ch\/film\/2019\/madame\/\"><img loading=\"lazy\" decoding=\"async\" width=\"1800\" height=\"1012\" src=\"https:\/\/www.visionsdureel.ch\/wp-content\/uploads\/2021\/04\/537857-edited.jpg\" alt=\"\" class=\"wp-image-39779\" srcset=\"https:\/\/www.visionsdureel.ch\/wp-content\/uploads\/2021\/04\/537857-edited.jpg 1800w, https:\/\/www.visionsdureel.ch\/wp-content\/uploads\/2021\/04\/537857-edited-854x480.jpg 854w, https:\/\/www.visionsdureel.ch\/wp-content\/uploads\/2021\/04\/537857-edited-1280x720.jpg 1280w, https:\/\/www.visionsdureel.ch\/wp-content\/uploads\/2021\/04\/537857-edited-320x180.jpg 320w, https:\/\/www.visionsdureel.ch\/wp-content\/uploads\/2021\/04\/537857-edited-426x240.jpg 426w, https:\/\/www.visionsdureel.ch\/wp-content\/uploads\/2021\/04\/537857-edited-640x360.jpg 640w\" sizes=\"auto, (max-width: 1800px) 100vw, 1800px\" \/><\/a><\/figure>\n\n\n\n<p>Ce&nbsp;<a href=\"http:\/\/riethauser.com\/\" target=\"_blank\" rel=\"noreferrer noopener nofollow\">r\u00e9alisateur helv\u00e9tique<\/a>&nbsp;de renom entretenait avec sa grand-m\u00e8re,&nbsp;<em>Madame<\/em>, une relation forte et intense. Gr\u00e2ce \u00e0 des images d\u2019archives, il a reconstitu\u00e9 un dialogue entre eux, explorant divers th\u00e8mes de soci\u00e9t\u00e9. Le cin\u00e9aste nous parlera des perspectives ouvertes par son documentaire puissant et sinc\u00e8re. Son film a notamment re\u00e7u le prix du jury \u00e0 la Documenta de Madrid.<\/p>\n\n\n\n<p><a href=\"https:\/\/www.visionsdureel.ch\/film\/2019\/madame\/\">D\u00e9couvrir la fiche du film<\/a><\/p>\n\n\n\n<div style=\"height:19px\" aria-hidden=\"true\" class=\"wp-block-spacer\"><\/div>\n\n\n  <section class=\"gallery-logo\">\n    <ul class=\"list-unstyled list-inline\">\n              <li class=\"mb-5 logo2x\">\n          <a href='https:\/\/www.mobiliere.ch\/a-propos\/engagement-durabilite\/engagement-societal' target='_blank' rel='nofollow' class='d-flex h-100 pr-3 pr-lg-4 pr-xl-5'><img loading=\"lazy\" decoding=\"async\" width=\"171\" height=\"26\" src=\"https:\/\/www.visionsdureel.ch\/wp-content\/uploads\/2021\/01\/mobiliere-1.svg\" class=\"mr-2 my-auto\" alt=\"la Mobili\u00e8re\" \/><\/a>          <\/span>         <\/li>\n\n          <\/ul>\n  <\/section>\n\n","protected":false},"excerpt":{"rendered":"<p>Chers invit\u00e9s, Cette ann\u00e9e, la Mobili\u00e8re et Visions du R\u00e9el viennent chez vous\u00a0!\u00a0Nous vous avons invit\u00e9 \u00e0 notre soir\u00e9e cin\u00e9ma<\/p>\n","protected":false},"author":1,"featured_media":39779,"parent":0,"menu_order":0,"comment_status":"closed","ping_status":"closed","template":"","meta":{"_acf_changed":false,"footnotes":""},"class_list":["post-39778","page","type-page","status-publish","has-post-thumbnail","hentry"],"acf":[],"_links":{"self":[{"href":"https:\/\/www.visionsdureel.ch\/de\/wp-json\/wp\/v2\/pages\/39778","targetHints":{"allow":["GET"]}}],"collection":[{"href":"https:\/\/www.visionsdureel.ch\/de\/wp-json\/wp\/v2\/pages"}],"about":[{"href":"https:\/\/www.visionsdureel.ch\/de\/wp-json\/wp\/v2\/types\/page"}],"author":[{"embeddable":true,"href":"https:\/\/www.visionsdureel.ch\/de\/wp-json\/wp\/v2\/users\/1"}],"replies":[{"embeddable":true,"href":"https:\/\/www.visionsdureel.ch\/de\/wp-json\/wp\/v2\/comments?post=39778"}],"version-history":[{"count":0,"href":"https:\/\/www.visionsdureel.ch\/de\/wp-json\/wp\/v2\/pages\/39778\/revisions"}],"wp:featuredmedia":[{"embeddable":true,"href":"https:\/\/www.visionsdureel.ch\/de\/wp-json\/wp\/v2\/media\/39779"}],"wp:attachment":[{"href":"https:\/\/www.visionsdureel.ch\/de\/wp-json\/wp\/v2\/media?parent=39778"}],"curies":[{"name":"wp","href":"https:\/\/api.w.org\/{rel}","templated":true}]}}